{"id":2716,"date":"2026-03-08T22:01:51","date_gmt":"2026-03-08T22:01:51","guid":{"rendered":"https:\/\/michal.kocis.website.tuke.sk\/odbory\/?page_id=2716"},"modified":"2026-04-11T07:38:53","modified_gmt":"2026-04-11T06:38:53","slug":"formulare","status":"publish","type":"page","link":"https:\/\/odbory.tuke.sk\/index.php\/formulare\/","title":{"rendered":"FORMUL\u00c1RE A \u017dIADOSTI"},"content":{"rendered":"<p><div id=\"application\" class=\"fusion-container-anchor\"><div class=\"fusion-fullwidth fullwidth-box fusion-builder-row-1 fusion-flex-container nonhundred-percent-fullwidth non-hundred-percent-height-scrolling\" style=\"--awb-background-position:left top;--awb-border-sizes-top:0px;--awb-border-sizes-bottom:0px;--awb-border-sizes-left:0px;--awb-border-sizes-right:0px;--awb-border-color:hsla(var(--awb-color8-h),var(--awb-color8-s),calc( var(--awb-color8-l) + 83% ),var(--awb-color8-a));--awb-border-radius-top-left:0px;--awb-border-radius-top-right:0px;--awb-border-radius-bottom-right:0px;--awb-border-radius-bottom-left:0px;--awb-padding-top:4%;--awb-padding-bottom:4%;--awb-background-color:var(--awb-color2);--awb-flex-wrap:wrap;\" ><div class=\"fusion-builder-row fusion-row fusion-flex-align-items-flex-start fusion-flex-justify-content-center fusion-flex-content-wrap\" style=\"max-width:1331.2px;margin-left: calc(-4% \/ 2 );margin-right: calc(-4% \/ 2 );\"><div class=\"fusion-layout-column fusion_builder_column fusion-builder-column-0 fusion_builder_column_2_3 2_3 fusion-flex-column\" style=\"--awb-bg-blend:overlay;--awb-bg-size:cover;--awb-width-large:66.666666666667%;--awb-margin-top-large:10px;--awb-spacing-right-large:2.88%;--awb-margin-bottom-large:0px;--awb-spacing-left-large:2.88%;--awb-width-medium:100%;--awb-spacing-right-medium:1.92%;--awb-spacing-left-medium:1.92%;--awb-width-small:100%;--awb-spacing-right-small:1.92%;--awb-spacing-left-small:1.92%;\"><div class=\"fusion-column-wrapper fusion-flex-justify-content-flex-start fusion-content-layout-column\"><i class=\"fb-icon-element-1 fb-icon-element fontawesome-icon fa-folder-plus fas circle-no fusion-animated\" style=\"--awb-iconcolor:var(--awb-color4);--awb-iconcolor-hover:var(--awb-color4);--awb-font-size:50px;--awb-margin-top:0;--awb-margin-right:0;--awb-margin-bottom:0;--awb-margin-left:0;--awb-align-self:center;\" data-animationType=\"fadeInUp\" data-animationDuration=\"1\" data-animationOffset=\"top-into-view\"><\/i><div class=\"fusion-title title fusion-title-1 fusion-sep-none fusion-title-center fusion-title-text fusion-title-size-two\" style=\"--awb-margin-top:30px;\"><h2 class=\"fusion-title-heading title-heading-center fusion-responsive-typography-calculated\" style=\"margin:0;text-transform:none;--fontSize:34;line-height:var(--awb-typography1-line-height);\">Formul\u00e1re a \u017eiadosti<\/h2><\/div><div class=\"fusion-separator\" style=\"align-self: center;margin-left: auto;margin-right: auto;margin-top:10px;margin-bottom:30px;width:100%;max-width:170px;\"><div class=\"fusion-separator-border sep-single sep-solid\" style=\"--awb-height:20px;--awb-amount:20px;--awb-sep-color:hsla(var(--awb-color8-h),var(--awb-color8-s),calc( var(--awb-color8-l) + 66% ),var(--awb-color8-a));border-color:hsla(var(--awb-color8-h),var(--awb-color8-s),calc( var(--awb-color8-l) + 66% ),var(--awb-color8-a));border-top-width:1px;\"><\/div><\/div><div class=\"fusion-text fusion-text-1\" style=\"--awb-content-alignment:center;--awb-text-transform:none;\"><p>Na tomto mieste n\u00e1jdete naj\u010dastej\u0161ie pou\u017e\u00edvan\u00e9 formul\u00e1re pre \u010dlenov\/\u010dlenky a zamestnancov\/zamestnankyne TUKE. Dokumenty si m\u00f4\u017eete stiahnu\u0165 a posla\u0165 emailom alebo odovzda\u0165 pod\u013ea mo\u017enosti pri konkr\u00e9tnom formul\u00e1ri.<\/p>\n<\/div><\/div><\/div><\/div><\/div><\/div><div class=\"fusion-fullwidth fullwidth-box fusion-builder-row-2 fusion-flex-container nonhundred-percent-fullwidth non-hundred-percent-height-scrolling\" style=\"--link_hover_color: #ef15d9;--link_color: #ef15d9;--awb-border-sizes-top:0px;--awb-border-sizes-bottom:0px;--awb-border-sizes-left:0px;--awb-border-sizes-right:0px;--awb-border-color:#d1d1d1;--awb-border-radius-top-left:0px;--awb-border-radius-top-right:0px;--awb-border-radius-bottom-right:0px;--awb-border-radius-bottom-left:0px;--awb-padding-top:96px;--awb-padding-right:30px;--awb-padding-bottom:96px;--awb-padding-left:30px;--awb-padding-top-medium:72px;--awb-padding-bottom-medium:72px;--awb-padding-top-small:48px;--awb-padding-bottom-small:48px;--awb-margin-top:0px;--awb-margin-bottom:0px;--awb-background-color:#ffffff;--awb-flex-wrap:wrap;\" ><div class=\"fusion-builder-row fusion-row fusion-flex-align-items-stretch fusion-flex-content-wrap\" style=\"max-width:1331.2px;margin-left: calc(-4% \/ 2 );margin-right: calc(-4% \/ 2 );\"><div class=\"fusion-layout-column fusion_builder_column fusion-builder-column-1 fusion_builder_column_1_3 1_3 fusion-flex-column fusion-animated\" style=\"--awb-bg-color:#eeedef;--awb-bg-color-hover:#eeedef;--awb-bg-size:cover;--awb-width-large:33.333333333333%;--awb-margin-top-large:0px;--awb-spacing-right-large:5.76%;--awb-margin-bottom-large:0px;--awb-spacing-left-large:5.76%;--awb-width-medium:33.333333333333%;--awb-order-medium:0;--awb-spacing-right-medium:5.76%;--awb-spacing-left-medium:5.76%;--awb-width-small:100%;--awb-order-small:1;--awb-spacing-right-small:1.92%;--awb-margin-bottom-small:40px;--awb-spacing-left-small:1.92%;\" data-animationType=\"fadeInUp\" data-animationDuration=\"1.3\" data-animationOffset=\"top-into-view\"><div class=\"fusion-column-wrapper fusion-column-has-shadow fusion-flex-justify-content-flex-start fusion-content-layout-column\"><div class=\"fusion-builder-row fusion-builder-row-inner fusion-row fusion-flex-align-items-stretch fusion-flex-content-wrap\" style=\"width:104% !important;max-width:104% !important;margin-left: calc(-4% \/ 2 );margin-right: calc(-4% \/ 2 );\"><div class=\"fusion-layout-column fusion_builder_column_inner fusion-builder-nested-column-0 fusion_builder_column_inner_1_1 1_1 fusion-flex-column\" style=\"--awb-bg-size:cover;--awb-width-large:100%;--awb-margin-top-large:0px;--awb-spacing-right-large:1.92%;--awb-margin-bottom-large:0px;--awb-spacing-left-large:1.92%;--awb-width-medium:100%;--awb-order-medium:0;--awb-spacing-right-medium:1.92%;--awb-spacing-left-medium:1.92%;--awb-width-small:100%;--awb-order-small:0;--awb-spacing-right-small:1.92%;--awb-spacing-left-small:1.92%;\"><div class=\"fusion-column-wrapper fusion-column-has-shadow fusion-flex-justify-content-flex-start fusion-content-layout-column\"><div class=\"fusion-image-element \" style=\"text-align:center;--awb-aspect-ratio:16 \/ 9;--awb-caption-overlay-color:#ffffff;--awb-caption-title-font-family:var(--h2_typography-font-family);--awb-caption-title-font-weight:var(--h2_typography-font-weight);--awb-caption-title-font-style:var(--h2_typography-font-style);--awb-caption-title-size:var(--h2_typography-font-size);--awb-caption-title-transform:var(--h2_typography-text-transform);--awb-caption-title-line-height:var(--h2_typography-line-height);--awb-caption-title-letter-spacing:var(--h2_typography-letter-spacing);\"><span class=\" fusion-imageframe imageframe-none imageframe-1 hover-type-none has-aspect-ratio\"><img decoding=\"async\" width=\"300\" height=\"300\" title=\"ai-drawing-1775289937778\" src=\"https:\/\/odbory.tuke.sk\/wp-content\/uploads\/2026\/04\/ai-drawing-1775289937778.png\" data-orig-src=\"https:\/\/odbory.tuke.sk\/wp-content\/uploads\/2026\/04\/ai-drawing-1775289937778-300x300.png\" class=\"lazyload img-responsive wp-image-2895 img-with-aspect-ratio\" data-parent-fit=\"cover\" data-parent-container=\".fusion-image-element\" alt fetchpriority=\"high\" srcset=\"data:image\/svg+xml,%3Csvg%20xmlns%3D%27http%3A%2F%2Fwww.w3.org%2F2000%2Fsvg%27%20width%3D%271024%27%20height%3D%271024%27%20viewBox%3D%270%200%201024%201024%27%3E%3Crect%20width%3D%271024%27%20height%3D%271024%27%20fill-opacity%3D%220%22%2F%3E%3C%2Fsvg%3E\" data-srcset=\"https:\/\/odbory.tuke.sk\/wp-content\/uploads\/2026\/04\/ai-drawing-1775289937778-200x200.png 200w, https:\/\/odbory.tuke.sk\/wp-content\/uploads\/2026\/04\/ai-drawing-1775289937778-400x400.png 400w, https:\/\/odbory.tuke.sk\/wp-content\/uploads\/2026\/04\/ai-drawing-1775289937778-600x600.png 600w, https:\/\/odbory.tuke.sk\/wp-content\/uploads\/2026\/04\/ai-drawing-1775289937778-800x800.png 800w, https:\/\/odbory.tuke.sk\/wp-content\/uploads\/2026\/04\/ai-drawing-1775289937778.png 1024w\" data-sizes=\"auto\" data-orig-sizes=\"(max-width: 1024px) 100vw, (max-width: 640px) 100vw, 300px\" \/><\/span><\/div><\/div><\/div><\/div><div class=\"fusion-title title fusion-title-2 fusion-sep-none fusion-title-center fusion-title-text fusion-title-size-four\" style=\"--awb-text-color:#110911;--awb-margin-top:40px;--awb-margin-right:40px;--awb-margin-bottom:25px;--awb-margin-left:40px;--awb-margin-bottom-small:10px;--awb-sep-color:#d1d1d1;--awb-font-size:30px;\"><h4 class=\"fusion-title-heading title-heading-center fusion-responsive-typography-calculated\" style=\"font-family:&quot;Barlow Condensed&quot;;font-style:normal;font-weight:500;margin:0;text-transform:var(--awb-typography1-text-transform);font-size:1em;--fontSize:30;line-height:1.2;\">Prihl\u00e1\u0161ka za \u010dlena<\/h4><\/div><div class=\"fusion-text fusion-text-2 fusion-text-no-margin\" style=\"--awb-font-size:18px;--awb-line-height:1.7;--awb-letter-spacing:0px;--awb-text-transform:none;--awb-text-color:var(--awb-color6);--awb-margin-right:40px;--awb-margin-bottom:45px;--awb-margin-left:40px;--awb-text-font-family:&quot;Barlow&quot;;--awb-text-font-style:normal;--awb-text-font-weight:400;\"><p>Prihl\u00e1\u0161ka &#8211; formul\u00e1r na vstup do ZO OZ P\u0160aV TUKE.<\/p>\n<\/div><div class=\"fusion-separator fusion-full-width-sep\" style=\"align-self: center;margin-left: auto;margin-right: auto;flex-grow:1;width:100%;\"><\/div><div ><a class=\"fusion-button button-flat fusion-button-default-size button-default fusion-button-default button-1 fusion-button-default-span \" style=\"--button_bevel_color:#cbe010;--button_bevel_color_hover:#cbe010;--button-border-radius-top-left:50px;--button-border-radius-top-right:50px;--button-border-radius-bottom-right:50px;--button-border-radius-bottom-left:50px;--button_text_transform:var(--awb-typography3-text-transform);--button_font_size:16px;--button_line_height:1.7;--button_padding-top:12px;--button_padding-right:28px;--button_padding-bottom:12px;--button_padding-left:28px;--button_typography-letter-spacing:0px;--button_typography-font-family:&quot;Arimo&quot;;--button_typography-font-style:normal;--button_typography-font-weight:600;--button_margin-top:0px;--button_margin-right:40px;--button_margin-bottom:40px;--button_margin-left:40px;width:calc(100% - 40px - 40px);\" target=\"_self\" href=\"https:\/\/odbory.tuke.sk\/wp-content\/uploads\/2026\/03\/Prihlaska-do-odborov-2023-1.docx\"><span class=\"fusion-button-text awb-button__text awb-button__text--default\">Stiahnu\u0165<\/span><\/a><\/div><\/div><\/div><div class=\"fusion-layout-column fusion_builder_column fusion-builder-column-2 fusion_builder_column_1_3 1_3 fusion-flex-column fusion-animated\" style=\"--awb-bg-color:#eeedef;--awb-bg-color-hover:#eeedef;--awb-bg-size:cover;--awb-width-large:33.333333333333%;--awb-margin-top-large:0px;--awb-spacing-right-large:3.84%;--awb-margin-bottom-large:0px;--awb-spacing-left-large:5.76%;--awb-width-medium:33.333333333333%;--awb-order-medium:0;--awb-spacing-right-medium:3.84%;--awb-spacing-left-medium:5.76%;--awb-width-small:100%;--awb-order-small:1;--awb-spacing-right-small:1.92%;--awb-margin-bottom-small:40px;--awb-spacing-left-small:1.92%;\" data-animationType=\"fadeInUp\" data-animationDuration=\"1.3\" data-animationOffset=\"top-into-view\"><div class=\"fusion-column-wrapper fusion-column-has-shadow fusion-flex-justify-content-flex-start fusion-content-layout-column\"><div class=\"fusion-builder-row fusion-builder-row-inner fusion-row fusion-flex-align-items-stretch fusion-flex-content-wrap\" style=\"width:104% !important;max-width:104% !important;margin-left: calc(-4% \/ 2 );margin-right: calc(-4% \/ 2 );\"><div class=\"fusion-layout-column fusion_builder_column_inner fusion-builder-nested-column-1 fusion_builder_column_inner_1_1 1_1 fusion-flex-column\" style=\"--awb-bg-size:cover;--awb-width-large:100%;--awb-margin-top-large:0px;--awb-spacing-right-large:1.92%;--awb-margin-bottom-large:0px;--awb-spacing-left-large:1.92%;--awb-width-medium:100%;--awb-order-medium:0;--awb-spacing-right-medium:1.92%;--awb-spacing-left-medium:1.92%;--awb-width-small:100%;--awb-order-small:0;--awb-spacing-right-small:1.92%;--awb-spacing-left-small:1.92%;\"><div class=\"fusion-column-wrapper fusion-column-has-shadow fusion-flex-justify-content-flex-start fusion-content-layout-column\"><div class=\"fusion-image-element \" style=\"--awb-aspect-ratio:16 \/ 9;--awb-caption-overlay-color:#ffffff;--awb-caption-title-font-family:var(--h2_typography-font-family);--awb-caption-title-font-weight:var(--h2_typography-font-weight);--awb-caption-title-font-style:var(--h2_typography-font-style);--awb-caption-title-size:var(--h2_typography-font-size);--awb-caption-title-transform:var(--h2_typography-text-transform);--awb-caption-title-line-height:var(--h2_typography-line-height);--awb-caption-title-letter-spacing:var(--h2_typography-letter-spacing);\"><span class=\" fusion-imageframe imageframe-none imageframe-2 hover-type-none has-aspect-ratio\"><img decoding=\"async\" width=\"300\" height=\"300\" title=\"ai-drawing-1775290835284\" src=\"https:\/\/odbory.tuke.sk\/wp-content\/uploads\/2026\/04\/ai-drawing-1775290835284.png\" data-orig-src=\"https:\/\/odbory.tuke.sk\/wp-content\/uploads\/2026\/04\/ai-drawing-1775290835284-300x300.png\" class=\"lazyload img-responsive wp-image-2913 img-with-aspect-ratio\" data-parent-fit=\"cover\" data-parent-container=\".fusion-image-element\" alt srcset=\"data:image\/svg+xml,%3Csvg%20xmlns%3D%27http%3A%2F%2Fwww.w3.org%2F2000%2Fsvg%27%20width%3D%271024%27%20height%3D%271024%27%20viewBox%3D%270%200%201024%201024%27%3E%3Crect%20width%3D%271024%27%20height%3D%271024%27%20fill-opacity%3D%220%22%2F%3E%3C%2Fsvg%3E\" data-srcset=\"https:\/\/odbory.tuke.sk\/wp-content\/uploads\/2026\/04\/ai-drawing-1775290835284-200x200.png 200w, https:\/\/odbory.tuke.sk\/wp-content\/uploads\/2026\/04\/ai-drawing-1775290835284-400x400.png 400w, https:\/\/odbory.tuke.sk\/wp-content\/uploads\/2026\/04\/ai-drawing-1775290835284-600x600.png 600w, https:\/\/odbory.tuke.sk\/wp-content\/uploads\/2026\/04\/ai-drawing-1775290835284-800x800.png 800w, https:\/\/odbory.tuke.sk\/wp-content\/uploads\/2026\/04\/ai-drawing-1775290835284.png 1024w\" data-sizes=\"auto\" data-orig-sizes=\"(max-width: 1024px) 100vw, (max-width: 640px) 100vw, 300px\" \/><\/span><\/div><\/div><\/div><\/div><div class=\"fusion-title title fusion-title-3 fusion-sep-none fusion-title-center fusion-title-text fusion-title-size-four\" style=\"--awb-text-color:#110911;--awb-margin-top:40px;--awb-margin-right:40px;--awb-margin-bottom:25px;--awb-margin-left:40px;--awb-margin-bottom-small:10px;--awb-sep-color:#d1d1d1;--awb-font-size:30px;\"><h4 class=\"fusion-title-heading title-heading-center fusion-responsive-typography-calculated\" style=\"font-family:&quot;Barlow Condensed&quot;;font-style:normal;font-weight:500;margin:0;text-transform:var(--awb-typography1-text-transform);font-size:1em;--fontSize:30;line-height:1.2;\">\u017diados\u0165 o pr\u00edspevok \/ rekre\u00e1ciu<\/h4><\/div><div class=\"fusion-text fusion-text-3 fusion-text-no-margin\" style=\"--awb-font-size:18px;--awb-line-height:1.7;--awb-letter-spacing:0px;--awb-text-transform:none;--awb-text-color:var(--awb-color6);--awb-margin-right:40px;--awb-margin-bottom:45px;--awb-margin-left:40px;--awb-text-font-family:&quot;Barlow&quot;;--awb-text-font-style:normal;--awb-text-font-weight:400;\"><p>\u017diados\u0165 o pr\u00edspevok alebo pobyt pri rekre\u00e1cii<\/p>\n<\/div><div class=\"fusion-separator fusion-full-width-sep\" style=\"align-self: center;margin-left: auto;margin-right: auto;flex-grow:1;width:100%;\"><\/div><div ><a class=\"fusion-button button-flat fusion-button-default-size button-default fusion-button-default button-2 fusion-button-default-span \" style=\"--button_bevel_color:#cbe010;--button_bevel_color_hover:#cbe010;--button-border-radius-top-left:50px;--button-border-radius-top-right:50px;--button-border-radius-bottom-right:50px;--button-border-radius-bottom-left:50px;--button_text_transform:uppercase;--button_font_size:16px;--button_line_height:1.7;--button_padding-top:12px;--button_padding-right:28px;--button_padding-bottom:12px;--button_padding-left:28px;--button_typography-letter-spacing:0px;--button_typography-font-family:&quot;Arimo&quot;;--button_typography-font-style:normal;--button_typography-font-weight:600;--button_margin-right:40px;--button_margin-bottom:40px;--button_margin-left:40px;width:calc(100% - 40px - 40px);\" target=\"_self\"><span class=\"fusion-button-text awb-button__text awb-button__text--default\">Stiahnu\u0165<\/span><\/a><\/div><\/div><\/div><div class=\"fusion-layout-column fusion_builder_column fusion-builder-column-3 fusion_builder_column_1_3 1_3 fusion-flex-column fusion-animated\" style=\"--awb-bg-color:#eeedef;--awb-bg-color-hover:#eeedef;--awb-bg-size:cover;--awb-width-large:33.333333333333%;--awb-margin-top-large:0px;--awb-spacing-right-large:3.84%;--awb-margin-bottom-large:0px;--awb-spacing-left-large:5.76%;--awb-width-medium:33.333333333333%;--awb-order-medium:0;--awb-spacing-right-medium:3.84%;--awb-spacing-left-medium:5.76%;--awb-width-small:100%;--awb-order-small:1;--awb-spacing-right-small:1.92%;--awb-margin-bottom-small:40px;--awb-spacing-left-small:1.92%;\" data-animationType=\"fadeInUp\" data-animationDuration=\"1.3\" data-animationOffset=\"top-into-view\"><div class=\"fusion-column-wrapper fusion-column-has-shadow fusion-flex-justify-content-flex-start fusion-content-layout-column\"><div class=\"fusion-builder-row fusion-builder-row-inner fusion-row fusion-flex-align-items-stretch fusion-flex-content-wrap\" style=\"width:104% !important;max-width:104% !important;margin-left: calc(-4% \/ 2 );margin-right: calc(-4% \/ 2 );\"><div class=\"fusion-layout-column fusion_builder_column_inner fusion-builder-nested-column-2 fusion_builder_column_inner_1_1 1_1 fusion-flex-column\" style=\"--awb-bg-size:cover;--awb-width-large:100%;--awb-margin-top-large:0px;--awb-spacing-right-large:1.92%;--awb-margin-bottom-large:0px;--awb-spacing-left-large:1.92%;--awb-width-medium:100%;--awb-order-medium:0;--awb-spacing-right-medium:1.92%;--awb-spacing-left-medium:1.92%;--awb-width-small:100%;--awb-order-small:0;--awb-spacing-right-small:1.92%;--awb-spacing-left-small:1.92%;\"><div class=\"fusion-column-wrapper fusion-column-has-shadow fusion-flex-justify-content-flex-start fusion-content-layout-column\"><div class=\"fusion-image-element \" style=\"--awb-aspect-ratio:16 \/ 9;--awb-caption-overlay-color:#ffffff;--awb-caption-title-font-family:var(--h2_typography-font-family);--awb-caption-title-font-weight:var(--h2_typography-font-weight);--awb-caption-title-font-style:var(--h2_typography-font-style);--awb-caption-title-size:var(--h2_typography-font-size);--awb-caption-title-transform:var(--h2_typography-text-transform);--awb-caption-title-line-height:var(--h2_typography-line-height);--awb-caption-title-letter-spacing:var(--h2_typography-letter-spacing);\"><span class=\" fusion-imageframe imageframe-none imageframe-3 hover-type-none has-aspect-ratio\"><img decoding=\"async\" width=\"300\" height=\"300\" title=\"ai-drawing-1775290889796\" src=\"https:\/\/odbory.tuke.sk\/wp-content\/uploads\/2026\/04\/ai-drawing-1775290889796.png\" data-orig-src=\"https:\/\/odbory.tuke.sk\/wp-content\/uploads\/2026\/04\/ai-drawing-1775290889796-300x300.png\" class=\"lazyload img-responsive wp-image-2912 img-with-aspect-ratio\" data-parent-fit=\"cover\" data-parent-container=\".fusion-image-element\" alt srcset=\"data:image\/svg+xml,%3Csvg%20xmlns%3D%27http%3A%2F%2Fwww.w3.org%2F2000%2Fsvg%27%20width%3D%271024%27%20height%3D%271024%27%20viewBox%3D%270%200%201024%201024%27%3E%3Crect%20width%3D%271024%27%20height%3D%271024%27%20fill-opacity%3D%220%22%2F%3E%3C%2Fsvg%3E\" data-srcset=\"https:\/\/odbory.tuke.sk\/wp-content\/uploads\/2026\/04\/ai-drawing-1775290889796-200x200.png 200w, https:\/\/odbory.tuke.sk\/wp-content\/uploads\/2026\/04\/ai-drawing-1775290889796-400x400.png 400w, https:\/\/odbory.tuke.sk\/wp-content\/uploads\/2026\/04\/ai-drawing-1775290889796-600x600.png 600w, https:\/\/odbory.tuke.sk\/wp-content\/uploads\/2026\/04\/ai-drawing-1775290889796-800x800.png 800w, https:\/\/odbory.tuke.sk\/wp-content\/uploads\/2026\/04\/ai-drawing-1775290889796.png 1024w\" data-sizes=\"auto\" data-orig-sizes=\"(max-width: 1024px) 100vw, (max-width: 640px) 100vw, 300px\" \/><\/span><\/div><\/div><\/div><\/div><div class=\"fusion-title title fusion-title-4 fusion-sep-none fusion-title-center fusion-title-text fusion-title-size-four\" style=\"--awb-text-color:#110911;--awb-margin-top:40px;--awb-margin-right:40px;--awb-margin-bottom:25px;--awb-margin-left:40px;--awb-margin-bottom-small:10px;--awb-sep-color:#d1d1d1;--awb-font-size:30px;\"><h4 class=\"fusion-title-heading title-heading-center fusion-responsive-typography-calculated\" style=\"font-family:&quot;Barlow Condensed&quot;;font-style:normal;font-weight:500;margin:0;text-transform:var(--awb-typography1-text-transform);font-size:1em;--fontSize:30;line-height:1.2;\">S\u00fahlas so spracovan\u00edm \u00fadajov<\/h4><\/div><div class=\"fusion-text fusion-text-4 fusion-text-no-margin\" style=\"--awb-font-size:18px;--awb-line-height:1.7;--awb-letter-spacing:0px;--awb-text-transform:none;--awb-text-color:var(--awb-color6);--awb-margin-right:40px;--awb-margin-bottom:45px;--awb-margin-left:40px;--awb-text-font-family:&quot;Barlow&quot;;--awb-text-font-style:normal;--awb-text-font-weight:400;\"><p data-start=\"1063\" data-end=\"1267\"><strong data-start=\"1063\" data-end=\"1096\">GDPR &#8211; <\/strong>s\u00fahlas so spracovan\u00edm osobn\u00fdch \u00fadajov<\/p>\n<\/div><div class=\"fusion-separator fusion-full-width-sep\" style=\"align-self: center;margin-left: auto;margin-right: auto;flex-grow:1;width:100%;\"><\/div><div ><a class=\"fusion-button button-flat fusion-button-default-size button-default fusion-button-default button-3 fusion-button-default-span \" style=\"--button_bevel_color:#cbe010;--button_bevel_color_hover:#cbe010;--button-border-radius-top-left:50px;--button-border-radius-top-right:50px;--button-border-radius-bottom-right:50px;--button-border-radius-bottom-left:50px;--button_text_transform:uppercase;--button_font_size:16px;--button_line_height:1.7;--button_padding-top:12px;--button_padding-right:28px;--button_padding-bottom:12px;--button_padding-left:28px;--button_typography-letter-spacing:0px;--button_typography-font-family:&quot;Arimo&quot;;--button_typography-font-style:normal;--button_typography-font-weight:600;--button_margin-right:40px;--button_margin-bottom:40px;--button_margin-left:40px;width:calc(100% - 40px - 40px);\" target=\"_self\"><span class=\"fusion-button-text awb-button__text awb-button__text--default\">Stiahnu\u0165<\/span><\/a><\/div><\/div><\/div><\/div><\/div><div class=\"fusion-fullwidth fullwidth-box fusion-builder-row-3 fusion-flex-container hundred-percent-fullwidth non-hundred-percent-height-scrolling\" style=\"--awb-border-radius-top-left:0px;--awb-border-radius-top-right:0px;--awb-border-radius-bottom-right:0px;--awb-border-radius-bottom-left:0px;--awb-flex-wrap:wrap;\" ><div class=\"fusion-builder-row fusion-row fusion-flex-align-items-flex-start fusion-flex-content-wrap\" style=\"width:calc( 100% + 0px ) !important;max-width:calc( 100% + 0px ) !important;margin-left: calc(-0px \/ 2 );margin-right: calc(-0px \/ 2 );\"><div class=\"fusion-layout-column fusion_builder_column fusion-builder-column-4 fusion_builder_column_1_1 1_1 fusion-flex-column fusion-flex-align-self-flex-start fusion-column-no-min-height\" style=\"--awb-bg-blend:overlay;--awb-bg-size:cover;--awb-width-large:100%;--awb-margin-top-large:0px;--awb-spacing-right-large:0px;--awb-margin-bottom-large:50px;--awb-spacing-left-large:0px;--awb-width-medium:100%;--awb-spacing-right-medium:0px;--awb-spacing-left-medium:0px;--awb-width-small:100%;--awb-spacing-right-small:0px;--awb-spacing-left-small:0px;\"><div class=\"fusion-column-wrapper fusion-flex-justify-content-flex-start fusion-content-layout-column\"><div class=\"fusion-section-separator section-separator bigtriangle fusion-section-separator-1\" style=\"--awb-spacer-height:99px;--awb-svg-margin-left:0px;--awb-svg-margin-right:0px;--awb-svg-margin-left-medium:0px;--awb-svg-margin-right-medium:0px;--awb-svg-margin-left-small:0px;--awb-svg-margin-right-small:0px;--awb-divider-height:99px;--awb-spacer-padding-top:inherit;--awb-sep-padding:0;--awb-svg-padding:0;\"><div class=\"fusion-section-separator-svg\"><svg class=\"fusion-big-triangle-candy\" xmlns=\"http:\/\/www.w3.org\/2000\/svg\" version=\"1.1\" width=\"100%\" height=\"100\" viewBox=\"0 0 100 100\" preserveAspectRatio=\"none\" fill=\"rgba(247,245,244,1)\"><path d=\"M-1 -1 L50 99 L101 -1 Z\"><\/path><\/svg><\/div><div class=\"fusion-section-separator-spacer\"><div class=\"fusion-section-separator-spacer-height\"><\/div><\/div><\/div><\/div><\/div><\/div><\/div><\/p>\n","protected":false},"excerpt":{"rendered":"","protected":false},"author":1,"featured_media":0,"parent":0,"menu_order":0,"comment_status":"closed","ping_status":"closed","template":"100-width.php","meta":{"footnotes":""},"class_list":["post-2716","page","type-page","status-publish","hentry"],"_links":{"self":[{"href":"https:\/\/odbory.tuke.sk\/index.php\/wp-json\/wp\/v2\/pages\/2716","targetHints":{"allow":["GET"]}}],"collection":[{"href":"https:\/\/odbory.tuke.sk\/index.php\/wp-json\/wp\/v2\/pages"}],"about":[{"href":"https:\/\/odbory.tuke.sk\/index.php\/wp-json\/wp\/v2\/types\/page"}],"author":[{"embeddable":true,"href":"https:\/\/odbory.tuke.sk\/index.php\/wp-json\/wp\/v2\/users\/1"}],"replies":[{"embeddable":true,"href":"https:\/\/odbory.tuke.sk\/index.php\/wp-json\/wp\/v2\/comments?post=2716"}],"version-history":[{"count":8,"href":"https:\/\/odbory.tuke.sk\/index.php\/wp-json\/wp\/v2\/pages\/2716\/revisions"}],"predecessor-version":[{"id":2981,"href":"https:\/\/odbory.tuke.sk\/index.php\/wp-json\/wp\/v2\/pages\/2716\/revisions\/2981"}],"wp:attachment":[{"href":"https:\/\/odbory.tuke.sk\/index.php\/wp-json\/wp\/v2\/media?parent=2716"}],"curies":[{"name":"wp","href":"https:\/\/api.w.org\/{rel}","templated":true}]}}